{"id":2775,"date":"2022-04-17T11:11:52","date_gmt":"2022-04-17T09:11:52","guid":{"rendered":"https:\/\/www.hrabovskystavproject.sk\/?page_id=2775"},"modified":"2025-01-11T14:42:59","modified_gmt":"2025-01-11T13:42:59","slug":"referencie","status":"publish","type":"page","link":"https:\/\/www.hrabovskystavproject.sk\/?page_id=2775","title":{"rendered":"Referencie"},"content":{"rendered":"\t\t<div data-elementor-type=\"wp-page\" data-elementor-id=\"2775\" class=\"elementor elementor-2775\">\n\t\t\t\t\t\t<section class=\"elementor-section elementor-top-section elementor-element elementor-element-7c53402 elementor-section-stretched elementor-section-boxed elementor-section-height-default elementor-section-height-default\" data-id=\"7c53402\" data-element_type=\"section\" data-e-type=\"section\" data-settings=\"{&quot;stretch_section&quot;:&quot;section-stretched&quot;}\">\n\t\t\t\t\t\t<div class=\"elementor-container elementor-column-gap-default\">\n\t\t\t\t\t<div class=\"elementor-column elementor-col-100 elementor-top-column elementor-element elementor-element-b0cff88\" data-id=\"b0cff88\" data-element_type=\"column\" data-e-type=\"column\">\n\t\t\t<div class=\"elementor-widget-wrap elementor-element-populated\">\n\t\t\t\t\t\t<div class=\"elementor-element elementor-element-c242165 elementor-widget elementor-widget-heading\" data-id=\"c242165\" data-element_type=\"widget\" data-e-type=\"widget\" data-widget_type=\"heading.default\">\n\t\t\t\t<div class=\"elementor-widget-container\">\n\t\t\t\t\t<h2 class=\"elementor-heading-title elementor-size-default\">Referencie<\/h2>\t\t\t\t<\/div>\n\t\t\t\t<\/div>\n\t\t\t\t\t<\/div>\n\t\t<\/div>\n\t\t\t\t\t<\/div>\n\t\t<\/section>\n\t\t\t\t<section class=\"elementor-section elementor-top-section elementor-element elementor-element-c68c515 elementor-section-stretched elementor-section-boxed elementor-section-height-default elementor-section-height-default\" data-id=\"c68c515\" data-element_type=\"section\" data-e-type=\"section\" data-settings=\"{&quot;stretch_section&quot;:&quot;section-stretched&quot;}\">\n\t\t\t\t\t\t<div class=\"elementor-container elementor-column-gap-default\">\n\t\t\t\t\t<div class=\"elementor-column elementor-col-50 elementor-top-column elementor-element elementor-element-0eaabce\" data-id=\"0eaabce\" data-element_type=\"column\" data-e-type=\"column\">\n\t\t\t<div class=\"elementor-widget-wrap elementor-element-populated\">\n\t\t\t\t\t\t<div class=\"elementor-element elementor-element-524f55c elementor-widget elementor-widget-image\" data-id=\"524f55c\" data-element_type=\"widget\" data-e-type=\"widget\" data-widget_type=\"image.default\">\n\t\t\t\t<div class=\"elementor-widget-container\">\n\t\t\t\t\t\t\t\t\t\t\t\t<figure class=\"wp-caption\">\n\t\t\t\t\t\t\t\t\t\t\t<a href=\"https:\/\/www.hrabovskystavproject.sk\/?page_id=2776\">\n\t\t\t\t\t\t\t<img decoding=\"async\" src=\"https:\/\/www.hrabovskystavproject.sk\/wp-content\/uploads\/elementor\/thumbs\/201701-02-1-psaop0sxbvenwjoyipj0bnonhbg1d116hcw61grrfw.jpg\" title=\"Koliba Byt\u010da\" alt=\"Koliba Byt\u010da\" loading=\"lazy\" \/>\t\t\t\t\t\t\t\t<\/a>\n\t\t\t\t\t\t\t\t\t\t\t<figcaption class=\"widget-image-caption wp-caption-text\">Projekcia stavieb<\/figcaption>\n\t\t\t\t\t\t\t\t\t\t<\/figure>\n\t\t\t\t\t\t\t\t\t<\/div>\n\t\t\t\t<\/div>\n\t\t\t\t\t<\/div>\n\t\t<\/div>\n\t\t\t\t<div class=\"elementor-column elementor-col-50 elementor-top-column elementor-element elementor-element-3f5b574\" data-id=\"3f5b574\" data-element_type=\"column\" data-e-type=\"column\">\n\t\t\t<div class=\"elementor-widget-wrap elementor-element-populated\">\n\t\t\t\t\t\t<div class=\"elementor-element elementor-element-12be287 elementor-widget elementor-widget-image\" data-id=\"12be287\" data-element_type=\"widget\" data-e-type=\"widget\" data-widget_type=\"image.default\">\n\t\t\t\t<div class=\"elementor-widget-container\">\n\t\t\t\t\t\t\t\t\t\t\t\t<figure class=\"wp-caption\">\n\t\t\t\t\t\t\t\t\t\t\t<a href=\"https:\/\/www.hrabovskystavproject.sk\/?page_id=2778\">\n\t\t\t\t\t\t\t<img decoding=\"async\" src=\"https:\/\/www.hrabovskystavproject.sk\/wp-content\/uploads\/elementor\/thumbs\/006-scaled-e1736598009723-qzulovd1ebe2njhksyutr0z1fm974zz89t39xeop7w.jpg\" title=\"006\" alt=\"Koliba Byt\u010da\" loading=\"lazy\" \/>\t\t\t\t\t\t\t\t<\/a>\n\t\t\t\t\t\t\t\t\t\t\t<figcaption class=\"widget-image-caption wp-caption-text\">Relizacia stavieb a striech<\/figcaption>\n\t\t\t\t\t\t\t\t\t\t<\/figure>\n\t\t\t\t\t\t\t\t\t<\/div>\n\t\t\t\t<\/div>\n\t\t\t\t\t<\/div>\n\t\t<\/div>\n\t\t\t\t\t<\/div>\n\t\t<\/section>\n\t\t\t\t<\/div>\n\t\t","protected":false},"excerpt":{"rendered":"<p>Referencie Projekcia stavieb Relizacia stavieb a striech<\/p>\n","protected":false},"author":1,"featured_media":0,"parent":0,"menu_order":0,"comment_status":"closed","ping_status":"closed","template":"","meta":{"_monsterinsights_skip_tracking":false,"_monsterinsights_sitenote_active":false,"_monsterinsights_sitenote_note":"","_monsterinsights_sitenote_category":0,"footnotes":""},"class_list":["post-2775","page","type-page","status-publish","hentry"],"yoast_head":"<!-- This site is optimized with the Yoast SEO plugin v26.9 - https:\/\/yoast.com\/product\/yoast-seo-wordpress\/ -->\n<title>Referencie - hrabovskystavproject.sk<\/title>\n<meta name=\"robots\" content=\"index, follow, max-snippet:-1, max-image-preview:large, max-video-preview:-1\" \/>\n<link rel=\"canonical\" href=\"https:\/\/www.hrabovskystavproject.sk\/?page_id=2775\" \/>\n<meta property=\"og:locale\" content=\"sk_SK\" \/>\n<meta property=\"og:type\" content=\"article\" \/>\n<meta property=\"og:title\" content=\"Referencie - hrabovskystavproject.sk\" \/>\n<meta property=\"og:description\" content=\"Referencie Projekcia stavieb Relizacia stavieb a striech\" \/>\n<meta property=\"og:url\" content=\"https:\/\/www.hrabovskystavproject.sk\/?page_id=2775\" \/>\n<meta property=\"og:site_name\" content=\"hrabovskystavproject.sk\" \/>\n<meta property=\"article:modified_time\" content=\"2025-01-11T13:42:59+00:00\" \/>\n<meta property=\"og:image\" content=\"https:\/\/www.hrabovskystavproject.sk\/wp-content\/uploads\/elementor\/thumbs\/201701-02-1-psaop0sxbvenwjoyipj0bnonhbg1d116hcw61grrfw.jpg\" \/>\n<meta name=\"twitter:card\" content=\"summary_large_image\" \/>\n<meta name=\"twitter:label1\" content=\"Predpokladan\u00fd \u010das \u010d\u00edtania\" \/>\n\t<meta name=\"twitter:data1\" content=\"1 min\u00fata\" \/>\n<script type=\"application\/ld+json\" class=\"yoast-schema-graph\">{\"@context\":\"https:\/\/schema.org\",\"@graph\":[{\"@type\":\"WebPage\",\"@id\":\"https:\/\/www.hrabovskystavproject.sk\/?page_id=2775\",\"url\":\"https:\/\/www.hrabovskystavproject.sk\/?page_id=2775\",\"name\":\"Referencie - hrabovskystavproject.sk\",\"isPartOf\":{\"@id\":\"https:\/\/www.hrabovskystavproject.sk\/#website\"},\"primaryImageOfPage\":{\"@id\":\"https:\/\/www.hrabovskystavproject.sk\/?page_id=2775#primaryimage\"},\"image\":{\"@id\":\"https:\/\/www.hrabovskystavproject.sk\/?page_id=2775#primaryimage\"},\"thumbnailUrl\":\"https:\/\/www.hrabovskystavproject.sk\/wp-content\/uploads\/elementor\/thumbs\/201701-02-1-psaop0sxbvenwjoyipj0bnonhbg1d116hcw61grrfw.jpg\",\"datePublished\":\"2022-04-17T09:11:52+00:00\",\"dateModified\":\"2025-01-11T13:42:59+00:00\",\"breadcrumb\":{\"@id\":\"https:\/\/www.hrabovskystavproject.sk\/?page_id=2775#breadcrumb\"},\"inLanguage\":\"sk-SK\",\"potentialAction\":[{\"@type\":\"ReadAction\",\"target\":[\"https:\/\/www.hrabovskystavproject.sk\/?page_id=2775\"]}]},{\"@type\":\"ImageObject\",\"inLanguage\":\"sk-SK\",\"@id\":\"https:\/\/www.hrabovskystavproject.sk\/?page_id=2775#primaryimage\",\"url\":\"https:\/\/www.hrabovskystavproject.sk\/wp-content\/uploads\/elementor\/thumbs\/201701-02-1-psaop0sxbvenwjoyipj0bnonhbg1d116hcw61grrfw.jpg\",\"contentUrl\":\"https:\/\/www.hrabovskystavproject.sk\/wp-content\/uploads\/elementor\/thumbs\/201701-02-1-psaop0sxbvenwjoyipj0bnonhbg1d116hcw61grrfw.jpg\"},{\"@type\":\"BreadcrumbList\",\"@id\":\"https:\/\/www.hrabovskystavproject.sk\/?page_id=2775#breadcrumb\",\"itemListElement\":[{\"@type\":\"ListItem\",\"position\":1,\"name\":\"Home\",\"item\":\"https:\/\/www.hrabovskystavproject.sk\/\"},{\"@type\":\"ListItem\",\"position\":2,\"name\":\"Referencie\"}]},{\"@type\":\"WebSite\",\"@id\":\"https:\/\/www.hrabovskystavproject.sk\/#website\",\"url\":\"https:\/\/www.hrabovskystavproject.sk\/\",\"name\":\"hrabovskystavproject.sk\",\"description\":\"Projek\u010dno-realiza\u010dn\u00e1 spolo\u010dnos\u0165 v oblasti stavebn\u00edctva\",\"publisher\":{\"@id\":\"https:\/\/www.hrabovskystavproject.sk\/#organization\"},\"potentialAction\":[{\"@type\":\"SearchAction\",\"target\":{\"@type\":\"EntryPoint\",\"urlTemplate\":\"https:\/\/www.hrabovskystavproject.sk\/?s={search_term_string}\"},\"query-input\":{\"@type\":\"PropertyValueSpecification\",\"valueRequired\":true,\"valueName\":\"search_term_string\"}}],\"inLanguage\":\"sk-SK\"},{\"@type\":\"Organization\",\"@id\":\"https:\/\/www.hrabovskystavproject.sk\/#organization\",\"name\":\"hrabovskystavproject.sk\",\"url\":\"https:\/\/www.hrabovskystavproject.sk\/\",\"logo\":{\"@type\":\"ImageObject\",\"inLanguage\":\"sk-SK\",\"@id\":\"https:\/\/www.hrabovskystavproject.sk\/#\/schema\/logo\/image\/\",\"url\":\"https:\/\/www.hrabovskystavproject.sk\/wp-content\/uploads\/2022\/04\/cropped-cropped-hrabovsky_logo_favicon.png\",\"contentUrl\":\"https:\/\/www.hrabovskystavproject.sk\/wp-content\/uploads\/2022\/04\/cropped-cropped-hrabovsky_logo_favicon.png\",\"width\":250,\"height\":250,\"caption\":\"hrabovskystavproject.sk\"},\"image\":{\"@id\":\"https:\/\/www.hrabovskystavproject.sk\/#\/schema\/logo\/image\/\"}}]}<\/script>\n<!-- \/ Yoast SEO plugin. -->","yoast_head_json":{"title":"Referencie - hrabovskystavproject.sk","robots":{"index":"index","follow":"follow","max-snippet":"max-snippet:-1","max-image-preview":"max-image-preview:large","max-video-preview":"max-video-preview:-1"},"canonical":"https:\/\/www.hrabovskystavproject.sk\/?page_id=2775","og_locale":"sk_SK","og_type":"article","og_title":"Referencie - hrabovskystavproject.sk","og_description":"Referencie Projekcia stavieb Relizacia stavieb a striech","og_url":"https:\/\/www.hrabovskystavproject.sk\/?page_id=2775","og_site_name":"hrabovskystavproject.sk","article_modified_time":"2025-01-11T13:42:59+00:00","og_image":[{"url":"https:\/\/www.hrabovskystavproject.sk\/wp-content\/uploads\/elementor\/thumbs\/201701-02-1-psaop0sxbvenwjoyipj0bnonhbg1d116hcw61grrfw.jpg","type":"","width":"","height":""}],"twitter_card":"summary_large_image","twitter_misc":{"Predpokladan\u00fd \u010das \u010d\u00edtania":"1 min\u00fata"},"schema":{"@context":"https:\/\/schema.org","@graph":[{"@type":"WebPage","@id":"https:\/\/www.hrabovskystavproject.sk\/?page_id=2775","url":"https:\/\/www.hrabovskystavproject.sk\/?page_id=2775","name":"Referencie - hrabovskystavproject.sk","isPartOf":{"@id":"https:\/\/www.hrabovskystavproject.sk\/#website"},"primaryImageOfPage":{"@id":"https:\/\/www.hrabovskystavproject.sk\/?page_id=2775#primaryimage"},"image":{"@id":"https:\/\/www.hrabovskystavproject.sk\/?page_id=2775#primaryimage"},"thumbnailUrl":"https:\/\/www.hrabovskystavproject.sk\/wp-content\/uploads\/elementor\/thumbs\/201701-02-1-psaop0sxbvenwjoyipj0bnonhbg1d116hcw61grrfw.jpg","datePublished":"2022-04-17T09:11:52+00:00","dateModified":"2025-01-11T13:42:59+00:00","breadcrumb":{"@id":"https:\/\/www.hrabovskystavproject.sk\/?page_id=2775#breadcrumb"},"inLanguage":"sk-SK","potentialAction":[{"@type":"ReadAction","target":["https:\/\/www.hrabovskystavproject.sk\/?page_id=2775"]}]},{"@type":"ImageObject","inLanguage":"sk-SK","@id":"https:\/\/www.hrabovskystavproject.sk\/?page_id=2775#primaryimage","url":"https:\/\/www.hrabovskystavproject.sk\/wp-content\/uploads\/elementor\/thumbs\/201701-02-1-psaop0sxbvenwjoyipj0bnonhbg1d116hcw61grrfw.jpg","contentUrl":"https:\/\/www.hrabovskystavproject.sk\/wp-content\/uploads\/elementor\/thumbs\/201701-02-1-psaop0sxbvenwjoyipj0bnonhbg1d116hcw61grrfw.jpg"},{"@type":"BreadcrumbList","@id":"https:\/\/www.hrabovskystavproject.sk\/?page_id=2775#breadcrumb","itemListElement":[{"@type":"ListItem","position":1,"name":"Home","item":"https:\/\/www.hrabovskystavproject.sk\/"},{"@type":"ListItem","position":2,"name":"Referencie"}]},{"@type":"WebSite","@id":"https:\/\/www.hrabovskystavproject.sk\/#website","url":"https:\/\/www.hrabovskystavproject.sk\/","name":"hrabovskystavproject.sk","description":"Projek\u010dno-realiza\u010dn\u00e1 spolo\u010dnos\u0165 v oblasti stavebn\u00edctva","publisher":{"@id":"https:\/\/www.hrabovskystavproject.sk\/#organization"},"potentialAction":[{"@type":"SearchAction","target":{"@type":"EntryPoint","urlTemplate":"https:\/\/www.hrabovskystavproject.sk\/?s={search_term_string}"},"query-input":{"@type":"PropertyValueSpecification","valueRequired":true,"valueName":"search_term_string"}}],"inLanguage":"sk-SK"},{"@type":"Organization","@id":"https:\/\/www.hrabovskystavproject.sk\/#organization","name":"hrabovskystavproject.sk","url":"https:\/\/www.hrabovskystavproject.sk\/","logo":{"@type":"ImageObject","inLanguage":"sk-SK","@id":"https:\/\/www.hrabovskystavproject.sk\/#\/schema\/logo\/image\/","url":"https:\/\/www.hrabovskystavproject.sk\/wp-content\/uploads\/2022\/04\/cropped-cropped-hrabovsky_logo_favicon.png","contentUrl":"https:\/\/www.hrabovskystavproject.sk\/wp-content\/uploads\/2022\/04\/cropped-cropped-hrabovsky_logo_favicon.png","width":250,"height":250,"caption":"hrabovskystavproject.sk"},"image":{"@id":"https:\/\/www.hrabovskystavproject.sk\/#\/schema\/logo\/image\/"}}]}},"_links":{"self":[{"href":"https:\/\/www.hrabovskystavproject.sk\/index.php?rest_route=\/wp\/v2\/pages\/2775","targetHints":{"allow":["GET"]}}],"collection":[{"href":"https:\/\/www.hrabovskystavproject.sk\/index.php?rest_route=\/wp\/v2\/pages"}],"about":[{"href":"https:\/\/www.hrabovskystavproject.sk\/index.php?rest_route=\/wp\/v2\/types\/page"}],"author":[{"embeddable":true,"href":"https:\/\/www.hrabovskystavproject.sk\/index.php?rest_route=\/wp\/v2\/users\/1"}],"replies":[{"embeddable":true,"href":"https:\/\/www.hrabovskystavproject.sk\/index.php?rest_route=%2Fwp%2Fv2%2Fcomments&post=2775"}],"version-history":[{"count":6,"href":"https:\/\/www.hrabovskystavproject.sk\/index.php?rest_route=\/wp\/v2\/pages\/2775\/revisions"}],"predecessor-version":[{"id":3943,"href":"https:\/\/www.hrabovskystavproject.sk\/index.php?rest_route=\/wp\/v2\/pages\/2775\/revisions\/3943"}],"wp:attachment":[{"href":"https:\/\/www.hrabovskystavproject.sk\/index.php?rest_route=%2Fwp%2Fv2%2Fmedia&parent=2775"}],"curies":[{"name":"wp","href":"https:\/\/api.w.org\/{rel}","templated":true}]}}